{"id":13628,"date":"2024-06-28T12:02:41","date_gmt":"2024-06-28T09:02:41","guid":{"rendered":"https:\/\/pelagiasyard.com\/?page_id=13628"},"modified":"2024-06-28T14:35:39","modified_gmt":"2024-06-28T11:35:39","slug":"naturalistische-wanderung","status":"publish","type":"page","link":"https:\/\/pelagiasyard.com\/de\/naturalistische-wanderung\/","title":{"rendered":"Naturalistische Wanderung"},"content":{"rendered":"<div class=\"wpb-content-wrapper\"><p>[vc_row][vc_column][vc_empty_space][vc_column_text css=&#8220;&#8220;]<\/p>\n<h2 style=\"text-align: center;\"><span class=\"b-heading grey\">Naturalistische <\/span> <span class=\"l-heading green\">Wanderung<\/span><\/h2>\n<p>[\/vc_column_text][vc_column_text css=&#8220;&#8220;]Einfacher und skalierbarer Spaziergang, w\u00e4hrend wir \u00fcber Olivenb\u00e4ume und kretische Kultur sprechen.<\/p>\n<p>Sie werden uns nicht durch ber\u00fchmte und \u00fcberf\u00fcllte Sehensw\u00fcrdigkeiten fliegen sehen. Wir genie\u00dfen die Kunst des \u00d6kotourismus und genie\u00dfen unsere Erfahrung mit dem besonderen Geschmack und der Aussicht jeder Landschaft auf unserer Route. Und obwohl Gastronomie und Wandern unsere Spezialit\u00e4t sind, spielen Landschaftsgenuss, Kultur und einzigartige Naturumgebung eine wichtige Rolle bei unserer Tour.<\/p>\n<p>Wir treffen uns im Pelagias-Hof. Wir sehen unsere Checkliste f\u00fcr einen Hut, einen Rucksack mit Wasser und eine Kamera. Wir trinken einen Espresso und los geht\u2019s.<\/p>\n<p>Fahren Sie weiter in Richtung des Dorfes Patima, wo unsere Wanderung beginnt.<\/p>\n<p>Ein Panoramablick auf das Almyros-Tal liegt vor unseren Augen, w\u00e4hrend wir links die malerische Aussicht auf die Ausl\u00e4ufer der Wei\u00dfen Berge genie\u00dfen.<\/p>\n<p>Dann gehen wir in den einzigartigen (\u201eSteineichen\u201c) Azilakas-Wald und gehen weiter im Schatten seines sehr dichten Bl\u00e4tterdachs. Der Wald von Azilakas ist ein dichter und unber\u00fchrter Wald mit Steineichen, gro\u00dfen immergr\u00fcnen Eichen, die im Mittelmeerraum heimisch sind.<br \/>\nNach etwa anderthalb Stunden Wanderung auf einem klaren Pfad endet der Wald und neben Weinbergen \u00fcberqueren wir ein kleines Tal.<br \/>\nIn der Kapelle von Aghios Stylianos haben Sie die M\u00f6glichkeit, Oliven\u00f6l und Speisen mit frischem Gem\u00fcse zu genie\u00dfen oder direkt zum Dorf Kournas zu gehen. In den \u00f6rtlichen Gesch\u00e4ften haben wir die M\u00f6glichkeit, typischen kretischen Wein zu probieren und uns im Schatten der Eichen auszuruhen.<\/p>\n<p>R\u00fcckfahrt mit einem Fahrzeug zum Hof \u200b\u200bvon Pelagias[\/vc_column_text][vc_empty_space height=&#8220;60px&#8220;][\/vc_column][\/vc_row][vc_row full_width=&#8220;stretch_row&#8220; bg_type=&#8220;bg_color&#8220; seperator_enable=&#8220;seperator_enable_value&#8220; seperator_type=&#8220;tilt_right_seperator&#8220; seperator_position=&#8220;top_bottom_seperator&#8220; bg_color_value=&#8220;#f2efef&#8220;][vc_column][vc_empty_space height=&#8220;100px&#8220;][vc_column_text css=&#8220;&#8220;]<\/p>\n<h2 style=\"text-align: center;\"><span class=\"b-heading grey\">Highlights<\/span><\/h2>\n<p>[\/vc_column_text][vc_column_text css=&#8220;&#8220;]<\/p>\n<p style=\"text-align: center;\">Kretische Landschaft aus einer malerischen Perspektive<br \/>\nEin erfrischendes Naturerlebnis<br \/>\nKreta jenseits des Gew\u00f6hnlichen<br \/>\nKretische Kultur von einem lokalen Reisef\u00fchrer<\/p>\n<p>[\/vc_column_text][vc_row_inner el_class=&#8220;desktop&#8220;][vc_column_inner][vc_media_grid style=&#8220;pagination&#8220; items_per_page=&#8220;3&#8243; loop=&#8220;yes&#8220; autoplay=&#8220;5&#8243; css=&#8220;&#8220; grid_id=&#8220;vc_gid:1719568893527-3086e69e-49e6-10&#8243; include=&#8220;13584,13586,13588,13590,13592,13594,13596,13598,13600,13602,13604,13606,13608,13610,13612,13614,13616,13618,13620,13622,13624,13626&#8243;][\/vc_column_inner][\/vc_row_inner][vc_empty_space height=&#8220;80px&#8220;][vc_row_inner el_class=&#8220;mobile&#8220;][vc_column_inner][vc_media_grid style=&#8220;pagination&#8220; items_per_page=&#8220;3&#8243; loop=&#8220;yes&#8220; autoplay=&#8220;5&#8243; css=&#8220;&#8220; grid_id=&#8220;vc_gid:1719568893528-d9cea1da-a32b-0&#8243; include=&#8220;13584,13586,13588,13590,13592,13594,13596,13598,13600,13602,13604,13606,13608,13610,13612,13614,13616,13618,13620,13622,13624,13626&#8243;][vc_empty_space height=&#8220;80px&#8220;][\/vc_column_inner][\/vc_row_inner][\/vc_column][\/vc_row][vc_row][vc_column][vc_empty_space height=&#8220;60px&#8220;][vc_column_text css=&#8220;&#8220;]<\/p>\n<h2 style=\"text-align: center;\"><span class=\"b-heading grey\">Drei Versionen der<\/span> <span class=\"l-heading green\">Tour<\/span><\/h2>\n<p>[\/vc_column_text][vc_column_text css=&#8220;&#8220;]<\/p>\n<div class=\"wpb_text_column wpb_content_element \">\n<div class=\"wpb_wrapper\" style=\"text-align: center;\">1. Kurzer Spaziergang, Gastronomiebesuch, Molkerei\/K\u00e4serei<br \/>\n2. Rundwanderung, Patima-Aufstiege, Azilakas-Wald, Aghios Stylianos<br \/>\n3. Kombination, Patima-Aufstiege, Aghios Ioannis, Kafeneion im Dorf Kournas.<\/div>\n<\/div>\n<p>[\/vc_column_text][vc_empty_space height=&#8220;60px&#8220;][vc_column_text css=&#8220;&#8220;]<\/p>\n<h2 style=\"text-align: center;\"><span class=\"b-heading grey\">Fordern Sie eine Tour<span class=\"l-heading green\"> an<\/span><\/span><\/h2>\n<p>[\/vc_column_text][vc_column_text css=&#8220;&#8220;]<\/p>\n<p style=\"text-align: center;\">\n<div class=\"wpcf7 no-js\" id=\"wpcf7-f13633-o1\" lang=\"de-DE\" dir=\"ltr\" data-wpcf7-id=\"13633\">\n<div class=\"screen-reader-response\"><p role=\"status\" aria-live=\"polite\" aria-atomic=\"true\"><\/p> <ul><\/ul><\/div>\n<form action=\"\/de\/wp-json\/wp\/v2\/pages\/13628#wpcf7-f13633-o1\" method=\"post\" class=\"wpcf7-form init\" aria-label=\"Kontaktformular\" novalidate=\"novalidate\" data-status=\"init\">\n<fieldset class=\"hidden-fields-container\"><input type=\"hidden\" name=\"_wpcf7\" value=\"13633\" \/><input type=\"hidden\" name=\"_wpcf7_version\" value=\"6.1.5\" \/><input type=\"hidden\" name=\"_wpcf7_locale\" value=\"de_DE\" \/><input type=\"hidden\" name=\"_wpcf7_unit_tag\" value=\"wpcf7-f13633-o1\" \/><input type=\"hidden\" name=\"_wpcf7_container_post\" value=\"0\" \/><input type=\"hidden\" name=\"_wpcf7_posted_data_hash\" value=\"\" \/>\n<\/fieldset>\n<div class=\"wpcf7-turnstile cf-turnstile\" data-sitekey=\"0x4AAAAAACsIRcAbqWvbozcL\" data-response-field-name=\"_wpcf7_turnstile_response\"><\/div>\n\n<div class=\"row\">\n\t<div class=\"col col-6\">\n\t\t<p><span class=\"wpcf7-form-control-wrap\" data-name=\"your-name\"><input size=\"40\" maxlength=\"400\" class=\"wpcf7-form-control wpcf7-text wpcf7-validates-as-required\" aria-required=\"true\" aria-invalid=\"false\" placeholder=\"Name *\" value=\"\" type=\"text\" name=\"your-name\" \/><\/span><br \/>\n<span class=\"wpcf7-form-control-wrap\" data-name=\"your-email\"><input size=\"40\" maxlength=\"400\" class=\"wpcf7-form-control wpcf7-email wpcf7-validates-as-required wpcf7-text wpcf7-validates-as-email\" aria-required=\"true\" aria-invalid=\"false\" placeholder=\"Email *\" value=\"\" type=\"email\" name=\"your-email\" \/><\/span><br \/>\n<span class=\"wpcf7-form-control-wrap\" data-name=\"your-tel\"><input size=\"40\" maxlength=\"400\" class=\"wpcf7-form-control wpcf7-tel wpcf7-text wpcf7-validates-as-tel\" aria-invalid=\"false\" placeholder=\"Telefon\" value=\"\" type=\"tel\" name=\"your-tel\" \/><\/span><br \/>\n<label>Ich w\u00fcrde gerne an der Tour teilnehmen:<\/label><br \/>\n<span class=\"wpcf7-form-control-wrap\" data-name=\"date-326\"><input class=\"wpcf7-form-control wpcf7-date wpcf7-validates-as-required wpcf7-validates-as-date\" min=\"2026-04-09\" aria-required=\"true\" aria-invalid=\"false\" placeholder=\"Datum\" value=\"\" type=\"date\" name=\"date-326\" \/><\/span><br \/>\n<label>Interessiert an Tourvariante (Nummer eingeben):<\/label><span class=\"wpcf7-form-control-wrap\" data-name=\"number-265\"><input class=\"wpcf7-form-control wpcf7-number wpcf7-validates-as-required wpcf7-validates-as-number\" min=\"1\" max=\"3\" aria-required=\"true\" aria-invalid=\"false\" value=\"\" type=\"number\" name=\"number-265\" \/><\/span><br \/>\n<label>Anzahl der Personen in Ihrer Gruppe:<\/label><span class=\"wpcf7-form-control-wrap\" data-name=\"number-of-persons\"><input class=\"wpcf7-form-control wpcf7-number wpcf7-validates-as-required wpcf7-validates-as-number\" min=\"1\" aria-required=\"true\" aria-invalid=\"false\" value=\"\" type=\"number\" name=\"number-of-persons\" \/><\/span>\n\t\t<\/p>\n\t<\/div>\n\t<div class=\"col col-6\">\n\t\t<p><span class=\"wpcf7-form-control-wrap\" data-name=\"your-message\"><textarea cols=\"40\" rows=\"5\" maxlength=\"2000\" class=\"wpcf7-form-control wpcf7-textarea\" aria-invalid=\"false\" placeholder=\"Nachricht\" name=\"your-message\"><\/textarea><\/span>\n\t\t<\/p>\n\t<\/div>\n<\/div>\n<p><span class=\"wpcf7-form-control-wrap\" data-name=\"acceptance-18\"><span class=\"wpcf7-form-control wpcf7-acceptance\"><span class=\"wpcf7-list-item\"><label><input type=\"checkbox\" name=\"acceptance-18\" value=\"1\" aria-invalid=\"false\" \/><span class=\"wpcf7-list-item-label\">GDPR-Vereinbarung: Ich verstehe und akzeptiere, dass meine pers\u00f6nlichen Daten verwendet werden, um meine Anfrage besser zu bearbeiten.*<\/span><\/label><\/span><\/span><\/span>\n<\/p>\n<div class=\"col col-12\">\n\t<p><span style=\"text-align: right;\"><input type=\"submit\" value=\"Anfrage senden\" \/><\/span>\n\t<\/p>\n<\/div><div class=\"wpcf7-response-output\" aria-hidden=\"true\"><\/div>\n<\/form>\n<\/div>\n<p>[\/vc_column_text][vc_empty_space height=&#8220;60px&#8220;][\/vc_column][\/vc_row]<\/p>\n<\/div>","protected":false},"excerpt":{"rendered":"<p>[vc_row][vc_column][vc_empty_space][vc_column_text css=&#8220;&#8220;] Naturalistische Wanderung [\/vc_column_text][vc_column_text css=&#8220;&#8220;]Einfacher und skalierbarer Spaziergang, w\u00e4hrend wir \u00fcber Olivenb\u00e4ume und kretische Kultur sprechen. Sie werden uns nicht durch ber\u00fchmte und \u00fcberf\u00fcllte Sehensw\u00fcrdigkeiten fliegen sehen. Wir genie\u00dfen die Kunst des \u00d6kotourismus und genie\u00dfen unsere Erfahrung mit dem besonderen Geschmack und der Aussicht jeder Landschaft auf unserer Route. Und obwohl Gastronomie und Wandern &#8230; <a title=\"Naturalistische Wanderung\" class=\"read-more\" href=\"https:\/\/pelagiasyard.com\/de\/naturalistische-wanderung\/\" aria-label=\"Mehr Informationen \u00fcber Naturalistische Wanderung\">Weiterlesen &#8230;<\/a><\/p>\n","protected":false},"author":5,"featured_media":0,"parent":0,"menu_order":0,"comment_status":"closed","ping_status":"closed","template":"","meta":{"footnotes":""},"class_list":["post-13628","page","type-page","status-publish"],"_links":{"self":[{"href":"https:\/\/pelagiasyard.com\/de\/wp-json\/wp\/v2\/pages\/13628","targetHints":{"allow":["GET"]}}],"collection":[{"href":"https:\/\/pelagiasyard.com\/de\/wp-json\/wp\/v2\/pages"}],"about":[{"href":"https:\/\/pelagiasyard.com\/de\/wp-json\/wp\/v2\/types\/page"}],"author":[{"embeddable":true,"href":"https:\/\/pelagiasyard.com\/de\/wp-json\/wp\/v2\/users\/5"}],"replies":[{"embeddable":true,"href":"https:\/\/pelagiasyard.com\/de\/wp-json\/wp\/v2\/comments?post=13628"}],"version-history":[{"count":9,"href":"https:\/\/pelagiasyard.com\/de\/wp-json\/wp\/v2\/pages\/13628\/revisions"}],"predecessor-version":[{"id":13644,"href":"https:\/\/pelagiasyard.com\/de\/wp-json\/wp\/v2\/pages\/13628\/revisions\/13644"}],"wp:attachment":[{"href":"https:\/\/pelagiasyard.com\/de\/wp-json\/wp\/v2\/media?parent=13628"}],"curies":[{"name":"wp","href":"https:\/\/api.w.org\/{rel}","templated":true}]}}