{"id":12392,"date":"2023-02-28T17:13:41","date_gmt":"2023-02-28T15:13:41","guid":{"rendered":"https:\/\/pelagiasyard.com\/?page_id=12392"},"modified":"2023-02-28T17:13:41","modified_gmt":"2023-02-28T15:13:41","slug":"unterkunft","status":"publish","type":"page","link":"https:\/\/pelagiasyard.com\/de\/unterkunft\/","title":{"rendered":"Unterkunft"},"content":{"rendered":"<div class=\"wpb-content-wrapper\"><p>[vc_row][vc_column][vc_empty_space][vc_column_text]<\/p>\n<h2 style=\"text-align: center;\"><span class=\"b-heading grey\">Unsere<\/span> <span class=\"l-heading green\">Villen<\/span><\/h2>\n<p>[\/vc_column_text][vc_empty_space height=&#8220;15px&#8220;][vc_column_text]<\/p>\n<p style=\"text-align: center;\">Bleiben Sie bei uns und genie\u00dfen Sie die Gastfreundschaft unserer Familie! Wir bieten Unterkunft in zwei wundersch\u00f6nen Villen in der Gegend von Georgioupolis in der N\u00e4he von Chania.<\/p>\n<p>[\/vc_column_text][vc_empty_space height=&#8220;60px&#8220;][\/vc_column][\/vc_row][vc_row full_width=&#8220;stretch_row&#8220; bg_type=&#8220;bg_color&#8220; seperator_enable=&#8220;seperator_enable_value&#8220; seperator_type=&#8220;tilt_right_seperator&#8220; seperator_position=&#8220;top_bottom_seperator&#8220; bg_color_value=&#8220;#f2efef&#8220;][vc_column][vc_empty_space height=&#8220;100px&#8220;][vc_row_inner equal_height=&#8220;yes&#8220; content_placement=&#8220;middle&#8220;][vc_column_inner width=&#8220;1\/2&#8243;][vc_empty_space height=&#8220;15px&#8220;][vc_gallery type=&#8220;nivo&#8220; interval=&#8220;3&#8243; images=&#8220;12165,12167,12153,12159&#8243; img_size=&#8220;full&#8220;][vc_empty_space height=&#8220;15px&#8220;][\/vc_column_inner][vc_column_inner width=&#8220;1\/2&#8243;][vc_column_text]<\/p>\n<h3 style=\"text-align: left;\"><span class=\"b-heading grey\">Pelagias<\/span> <span class=\"l-heading green\">Villa<\/span><\/h3>\n<p>[\/vc_column_text][vc_column_text]Die klimatisierte Villa besteht aus 3 Schlafzimmern, einem Wohnzimmer, einer voll ausgestatteten K\u00fcche mit K\u00fchlschrank und Kaffeemaschine sowie 2 Badezimmern mit Dusche und kostenlosen Pflegeprodukten. Handt\u00fccher und Bettw\u00e4sche werden in der Villa gestellt. Ein Kinderspielplatz steht den G\u00e4sten der Villa zur Verf\u00fcgung.<\/p>\n<div><strong>Lage:<\/strong> Xania, Paralia Kourna 730 07, Griechenland <a href=\"https:\/\/goo.gl\/maps\/TNeo9v9fMEig5G659\" target=\"_blank\" rel=\"noopener\">(ansichts karte)<\/a><\/div>\n<div><\/div>\n<p>[\/vc_column_text][vc_btn title=&#8220;Angebot Anfordern&#8220; style=&#8220;flat&#8220; color=&#8220;black&#8220; align=&#8220;left&#8220; link=&#8220;url:https%3A%2F%2Fpelagiasyard.com%2Fde%2Fpelagias-villa%2F|title:Fordern%20Sie%20ein%20Angebot%20f%C3%BCr%20Pelagias%20Villa%20an&#8220;][\/vc_column_inner][\/vc_row_inner][vc_empty_space height=&#8220;80px&#8220;][\/vc_column][\/vc_row][vc_row][vc_column][vc_empty_space height=&#8220;60px&#8220;][vc_row_inner content_placement=&#8220;middle&#8220;][vc_column_inner width=&#8220;1\/2&#8243;][vc_empty_space height=&#8220;15px&#8220;][vc_gallery type=&#8220;nivo&#8220; interval=&#8220;3&#8243; images=&#8220;12199,12197,12175,12187,12233&#8243; img_size=&#8220;full&#8220;][vc_empty_space height=&#8220;15px&#8220;][\/vc_column_inner][vc_column_inner width=&#8220;1\/2&#8243;][vc_column_text]<\/p>\n<h3 style=\"text-align: left;\"><span class=\"b-heading grey\">Pelagias Villa<\/span><span class=\"l-heading green\"> Lefka<\/span><\/h3>\n<p>[\/vc_column_text][vc_column_text]Die klimatisierte Villa besteht aus 2 Schlafzimmern, einem Wohnzimmer, einer voll ausgestatteten K\u00fcche mit K\u00fchlschrank und Kaffeemaschine sowie 2 Badezimmern mit Dusche und kostenlosen Pflegeprodukten. Handt\u00fccher und Bettw\u00e4sche sind in der Villa vorhanden. Ein Grill steht Ihnen in der Villa zur Verf\u00fcgung.<\/p>\n<p><strong>Lage:<\/strong> Georgioupoli 730 07, Griechenland <a href=\"https:\/\/goo.gl\/maps\/zjMGgZE9mWe88Jvn6\" target=\"_blank\" rel=\"noopener\">(ansichts karte)<\/a>[\/vc_column_text][vc_btn title=&#8220;Angebot Anfordern&#8220; style=&#8220;flat&#8220; color=&#8220;black&#8220; align=&#8220;left&#8220; link=&#8220;url:https%3A%2F%2Fpelagiasyard.com%2Fde%2Fpelagias-villa-lefka%2F|title:Fordern%20Sie%20ein%20Angebot%20f%C3%BCr%20Pelagias%20Villa%20an&#8220;][\/vc_column_inner][\/vc_row_inner][vc_empty_space height=&#8220;30px&#8220;][\/vc_column][\/vc_row]<\/p>\n<\/div>","protected":false},"excerpt":{"rendered":"<p>[vc_row][vc_column][vc_empty_space][vc_column_text] Unsere Villen [\/vc_column_text][vc_empty_space height=&#8220;15px&#8220;][vc_column_text] Bleiben Sie bei uns und genie\u00dfen Sie die Gastfreundschaft unserer Familie! Wir bieten Unterkunft in zwei wundersch\u00f6nen Villen in der Gegend von Georgioupolis in der N\u00e4he von Chania. [\/vc_column_text][vc_empty_space height=&#8220;60px&#8220;][\/vc_column][\/vc_row][vc_row full_width=&#8220;stretch_row&#8220; bg_type=&#8220;bg_color&#8220; seperator_enable=&#8220;seperator_enable_value&#8220; seperator_type=&#8220;tilt_right_seperator&#8220; seperator_position=&#8220;top_bottom_seperator&#8220; bg_color_value=&#8220;#f2efef&#8220;][vc_column][vc_empty_space height=&#8220;100px&#8220;][vc_row_inner equal_height=&#8220;yes&#8220; content_placement=&#8220;middle&#8220;][vc_column_inner width=&#8220;1\/2&#8243;][vc_empty_space height=&#8220;15px&#8220;][vc_gallery type=&#8220;nivo&#8220; interval=&#8220;3&#8243; images=&#8220;12165,12167,12153,12159&#8243; img_size=&#8220;full&#8220;][vc_empty_space height=&#8220;15px&#8220;][\/vc_column_inner][vc_column_inner width=&#8220;1\/2&#8243;][vc_column_text] Pelagias Villa [\/vc_column_text][vc_column_text]Die &#8230; <a title=\"Unterkunft\" class=\"read-more\" href=\"https:\/\/pelagiasyard.com\/de\/unterkunft\/\" aria-label=\"Mehr Informationen \u00fcber Unterkunft\">Weiterlesen &#8230;<\/a><\/p>\n","protected":false},"author":5,"featured_media":0,"parent":0,"menu_order":0,"comment_status":"closed","ping_status":"closed","template":"","meta":{"footnotes":""},"class_list":["post-12392","page","type-page","status-publish"],"_links":{"self":[{"href":"https:\/\/pelagiasyard.com\/de\/wp-json\/wp\/v2\/pages\/12392","targetHints":{"allow":["GET"]}}],"collection":[{"href":"https:\/\/pelagiasyard.com\/de\/wp-json\/wp\/v2\/pages"}],"about":[{"href":"https:\/\/pelagiasyard.com\/de\/wp-json\/wp\/v2\/types\/page"}],"author":[{"embeddable":true,"href":"https:\/\/pelagiasyard.com\/de\/wp-json\/wp\/v2\/users\/5"}],"replies":[{"embeddable":true,"href":"https:\/\/pelagiasyard.com\/de\/wp-json\/wp\/v2\/comments?post=12392"}],"version-history":[{"count":2,"href":"https:\/\/pelagiasyard.com\/de\/wp-json\/wp\/v2\/pages\/12392\/revisions"}],"predecessor-version":[{"id":12394,"href":"https:\/\/pelagiasyard.com\/de\/wp-json\/wp\/v2\/pages\/12392\/revisions\/12394"}],"wp:attachment":[{"href":"https:\/\/pelagiasyard.com\/de\/wp-json\/wp\/v2\/media?parent=12392"}],"curies":[{"name":"wp","href":"https:\/\/api.w.org\/{rel}","templated":true}]}}