{"id":12389,"date":"2023-02-28T16:50:04","date_gmt":"2023-02-28T14:50:04","guid":{"rendered":"https:\/\/pelagiasyard.com\/?page_id=12389"},"modified":"2023-02-28T16:50:05","modified_gmt":"2023-02-28T14:50:05","slug":"pelagias-villa-lefka","status":"publish","type":"page","link":"https:\/\/pelagiasyard.com\/de\/pelagias-villa-lefka\/","title":{"rendered":"Pelagias Villa Lefka"},"content":{"rendered":"<div class=\"wpb-content-wrapper\"><p>[vc_row][vc_column][vc_empty_space][vc_column_text]<\/p>\n<h2 style=\"text-align: center;\"><span class=\"b-heading grey\">Informationen zur <\/span> <span class=\"l-heading green\">Villa<\/span><\/h2>\n<p>[\/vc_column_text][vc_column_text]Die klimatisierte Villa besteht aus 2 Schlafzimmern, einem Wohnzimmer, einer voll ausgestatteten K\u00fcche mit K\u00fchlschrank und Kaffeemaschine sowie 2 Badezimmern mit Dusche und kostenlosen Pflegeprodukten. Handt\u00fccher und Bettw\u00e4sche sind in der Villa vorhanden. Als Gast der Villa genie\u00dfen Sie ein kontinentales Fr\u00fchst\u00fcck.<\/p>\n<p>Ein Grill steht den G\u00e4sten zur Verf\u00fcgung.[\/vc_column_text][vc_empty_space height=&#8220;15px&#8220;][vc_row_inner el_class=&#8220;desktop&#8220;][vc_column_inner][vc_media_grid style=&#8220;pagination&#8220; items_per_page=&#8220;3&#8243; loop=&#8220;yes&#8220; autoplay=&#8220;5&#8243; grid_id=&#8220;vc_gid:1677595408267-f113a38b-f3ef-5&#8243; include=&#8220;12173,12237,12235,12233,12231,12229,12227,12225,12223,12221,12219,12217,12215,12213,12211,12209,12207,12205,12203,12201,12199,12197,12195,12193,12191,12189,12187,12185,12183,12181,12179,12177,12175&#8243;][\/vc_column_inner][\/vc_row_inner][vc_row_inner el_class=&#8220;mobile&#8220;][vc_column_inner][vc_media_grid style=&#8220;pagination&#8220; items_per_page=&#8220;3&#8243; element_width=&#8220;12&#8243; loop=&#8220;yes&#8220; autoplay=&#8220;5&#8243; grid_id=&#8220;vc_gid:1677595408269-5ebcf724-57b1-6&#8243; include=&#8220;12173,12237,12235,12233,12231,12229,12227,12225,12223,12221,12219,12217,12215,12213,12211,12209,12207,12205,12203,12201,12199,12197,12195,12193,12191,12189,12187,12185,12183,12181,12179,12177,12175&#8243;][\/vc_column_inner][\/vc_row_inner][vc_empty_space height=&#8220;60px&#8220;][\/vc_column][\/vc_row][vc_row full_width=&#8220;stretch_row&#8220; bg_type=&#8220;bg_color&#8220; seperator_enable=&#8220;seperator_enable_value&#8220; seperator_type=&#8220;tilt_right_seperator&#8220; seperator_position=&#8220;top_bottom_seperator&#8220; bg_color_value=&#8220;#f2efef&#8220;][vc_column][vc_empty_space height=&#8220;100px&#8220;][vc_column_text]<\/p>\n<h2 style=\"text-align: center;\"><span class=\"b-heading grey\">Unsere<\/span> <span class=\"l-heading green\">Lage<\/span><\/h2>\n<p>[\/vc_column_text][vc_column_text]<iframe loading=\"lazy\" style=\"border: 0;\" src=\"https:\/\/www.google.com\/maps\/embed?pb=!1m18!1m12!1m3!1d3253.973156096139!2d24.270062499999998!3d35.3563125!2m3!1f0!2f0!3f0!3m2!1i1024!2i768!4f13.1!3m3!1m2!1s0x149b796f6454f917%3A0x211149ee35501e49!2sPelagias%20Villa%20Lefka!5e0!3m2!1sen!2s!4v1673603292652!5m2!1sen!2s\" width=\"100%\" height=\"350\" allowfullscreen=\"allowfullscreen\"><\/iframe>[\/vc_column_text][vc_empty_space height=&#8220;80px&#8220;][\/vc_column][\/vc_row][vc_row][vc_column][vc_empty_space height=&#8220;60px&#8220;][vc_column_text]<\/p>\n<h2 style=\"text-align: center;\"><span class=\"b-heading grey\">Buche deine<\/span> <span class=\"l-heading green\">Unterkunft<\/span><\/h2>\n<p>[\/vc_column_text][vc_column_text]<\/p>\n<p style=\"text-align: center;\">F\u00fcllen Sie das folgende Formular aus, um ein Angebot zu erhalten und der Buchung Ihres Aufenthalts n\u00e4her zu kommen.<\/p>\n<p style=\"text-align: center;\">Alle Felder mit * sind Pflichtfelder!<\/p>\n<p>[\/vc_column_text]\n<div class=\"wpcf7 no-js\" id=\"wpcf7-f12270-o1\" lang=\"de-DE\" dir=\"ltr\" data-wpcf7-id=\"12270\">\n<div class=\"screen-reader-response\"><p role=\"status\" aria-live=\"polite\" aria-atomic=\"true\"><\/p> <ul><\/ul><\/div>\n<form action=\"\/de\/wp-json\/wp\/v2\/pages\/12389#wpcf7-f12270-o1\" method=\"post\" class=\"wpcf7-form init\" aria-label=\"Kontaktformular\" novalidate=\"novalidate\" data-status=\"init\">\n<fieldset class=\"hidden-fields-container\"><input type=\"hidden\" name=\"_wpcf7\" value=\"12270\" \/><input type=\"hidden\" name=\"_wpcf7_version\" value=\"6.1.5\" \/><input type=\"hidden\" name=\"_wpcf7_locale\" value=\"de_DE\" \/><input type=\"hidden\" name=\"_wpcf7_unit_tag\" value=\"wpcf7-f12270-o1\" \/><input type=\"hidden\" name=\"_wpcf7_container_post\" value=\"0\" \/><input type=\"hidden\" name=\"_wpcf7_posted_data_hash\" value=\"\" \/>\n<\/fieldset>\n<div class=\"wpcf7-turnstile cf-turnstile\" data-sitekey=\"0x4AAAAAACsIRcAbqWvbozcL\" data-response-field-name=\"_wpcf7_turnstile_response\"><\/div>\n\n<div class=\"row\">\n\t<div class=\"col col-6\">\n\t\t<p><span class=\"wpcf7-form-control-wrap\" data-name=\"your-name\"><input size=\"40\" maxlength=\"400\" class=\"wpcf7-form-control wpcf7-text wpcf7-validates-as-required\" aria-required=\"true\" aria-invalid=\"false\" placeholder=\"Name *\" value=\"\" type=\"text\" name=\"your-name\" \/><\/span><br \/>\n<span class=\"wpcf7-form-control-wrap\" data-name=\"your-email\"><input size=\"40\" maxlength=\"400\" class=\"wpcf7-form-control wpcf7-email wpcf7-validates-as-required wpcf7-text wpcf7-validates-as-email\" aria-required=\"true\" aria-invalid=\"false\" placeholder=\"Email *\" value=\"\" type=\"email\" name=\"your-email\" \/><\/span><br \/>\n<span class=\"wpcf7-form-control-wrap\" data-name=\"your-tel\"><input size=\"40\" maxlength=\"400\" class=\"wpcf7-form-control wpcf7-tel wpcf7-text wpcf7-validates-as-tel\" aria-invalid=\"false\" placeholder=\"Telefon\" value=\"\" type=\"tel\" name=\"your-tel\" \/><\/span><br \/>\n<label>I'm interested to check-in:<\/label><br \/>\n<span class=\"wpcf7-form-control-wrap\" data-name=\"date-326\"><input class=\"wpcf7-form-control wpcf7-date wpcf7-validates-as-required wpcf7-validates-as-date\" min=\"2026-04-16\" aria-required=\"true\" aria-invalid=\"false\" placeholder=\"Check-in-Datum\" value=\"\" type=\"date\" name=\"date-326\" \/><\/span><br \/>\n<label>Tage, an denen ich vorhabe zu bleiben:<\/label><span class=\"wpcf7-form-control-wrap\" data-name=\"number-265\"><input class=\"wpcf7-form-control wpcf7-number wpcf7-validates-as-required wpcf7-validates-as-number\" min=\"1\" aria-required=\"true\" aria-invalid=\"false\" value=\"\" type=\"number\" name=\"number-265\" \/><\/span>\n\t\t<\/p>\n\t<\/div>\n\t<div class=\"col col-6\">\n\t\t<p><span class=\"wpcf7-form-control-wrap\" data-name=\"your-message\"><textarea cols=\"40\" rows=\"5\" maxlength=\"2000\" class=\"wpcf7-form-control wpcf7-textarea\" aria-invalid=\"false\" placeholder=\"Nachricht\" name=\"your-message\"><\/textarea><\/span>\n\t\t<\/p>\n\t<\/div>\n<\/div>\n<p><span class=\"wpcf7-form-control-wrap\" data-name=\"acceptance-18\"><span class=\"wpcf7-form-control wpcf7-acceptance\"><span class=\"wpcf7-list-item\"><label><input type=\"checkbox\" name=\"acceptance-18\" value=\"1\" aria-invalid=\"false\" \/><span class=\"wpcf7-list-item-label\">GDPR-Vereinbarung: Ich verstehe und akzeptiere, dass meine pers\u00f6nlichen Daten verwendet werden, um meine Anfrage besser zu bearbeiten.*<\/span><\/label><\/span><\/span><\/span>\n<\/p>\n<div class=\"col col-12\">\n\t<p><span style=\"text-align: right;\"><input type=\"submit\" value=\"Ein Angebot bekommen\" \/><\/span>\n\t<\/p>\n<\/div><div class=\"wpcf7-response-output\" aria-hidden=\"true\"><\/div>\n<\/form>\n<\/div>\n[vc_empty_space height=&#8220;60px&#8220;][\/vc_column][\/vc_row]<\/p>\n<\/div>","protected":false},"excerpt":{"rendered":"<p>[vc_row][vc_column][vc_empty_space][vc_column_text] Informationen zur Villa [\/vc_column_text][vc_column_text]Die klimatisierte Villa besteht aus 2 Schlafzimmern, einem Wohnzimmer, einer voll ausgestatteten K\u00fcche mit K\u00fchlschrank und Kaffeemaschine sowie 2 Badezimmern mit Dusche und kostenlosen Pflegeprodukten. Handt\u00fccher und Bettw\u00e4sche sind in der Villa vorhanden. Als Gast der Villa genie\u00dfen Sie ein kontinentales Fr\u00fchst\u00fcck. Ein Grill steht den G\u00e4sten zur Verf\u00fcgung.[\/vc_column_text][vc_empty_space height=&#8220;15px&#8220;][vc_row_inner el_class=&#8220;desktop&#8220;][vc_column_inner][vc_media_grid &#8230; <a title=\"Pelagias Villa Lefka\" class=\"read-more\" href=\"https:\/\/pelagiasyard.com\/de\/pelagias-villa-lefka\/\" aria-label=\"Mehr Informationen \u00fcber Pelagias Villa Lefka\">Weiterlesen &#8230;<\/a><\/p>\n","protected":false},"author":5,"featured_media":0,"parent":0,"menu_order":0,"comment_status":"closed","ping_status":"closed","template":"","meta":{"footnotes":""},"class_list":["post-12389","page","type-page","status-publish"],"_links":{"self":[{"href":"https:\/\/pelagiasyard.com\/de\/wp-json\/wp\/v2\/pages\/12389","targetHints":{"allow":["GET"]}}],"collection":[{"href":"https:\/\/pelagiasyard.com\/de\/wp-json\/wp\/v2\/pages"}],"about":[{"href":"https:\/\/pelagiasyard.com\/de\/wp-json\/wp\/v2\/types\/page"}],"author":[{"embeddable":true,"href":"https:\/\/pelagiasyard.com\/de\/wp-json\/wp\/v2\/users\/5"}],"replies":[{"embeddable":true,"href":"https:\/\/pelagiasyard.com\/de\/wp-json\/wp\/v2\/comments?post=12389"}],"version-history":[{"count":2,"href":"https:\/\/pelagiasyard.com\/de\/wp-json\/wp\/v2\/pages\/12389\/revisions"}],"predecessor-version":[{"id":12391,"href":"https:\/\/pelagiasyard.com\/de\/wp-json\/wp\/v2\/pages\/12389\/revisions\/12391"}],"wp:attachment":[{"href":"https:\/\/pelagiasyard.com\/de\/wp-json\/wp\/v2\/media?parent=12389"}],"curies":[{"name":"wp","href":"https:\/\/api.w.org\/{rel}","templated":true}]}}