{"id":12386,"date":"2023-02-28T16:41:22","date_gmt":"2023-02-28T14:41:22","guid":{"rendered":"https:\/\/pelagiasyard.com\/?page_id=12386"},"modified":"2023-02-28T16:41:22","modified_gmt":"2023-02-28T14:41:22","slug":"pelagias-villa","status":"publish","type":"page","link":"https:\/\/pelagiasyard.com\/de\/pelagias-villa\/","title":{"rendered":"Pelagias Villa"},"content":{"rendered":"<div class=\"wpb-content-wrapper\"><p>[vc_row][vc_column][vc_empty_space][vc_column_text]<\/p>\n<h2 style=\"text-align: center;\"><span class=\"b-heading grey\">Informationen zur <\/span> <span class=\"l-heading green\">Villa<\/span><\/h2>\n<p>[\/vc_column_text][vc_column_text]Die klimatisierte Villa umfasst 3 Schlafzimmer, ein Wohnzimmer, eine voll ausgestattete K\u00fcche mit einem K\u00fchlschrank und einer Kaffeemaschine sowie 2 Badezimmer mit einer Dusche und kostenlosen Pflegeprodukten. Handt\u00fccher und Bettw\u00e4sche werden in der Villa gestellt.<\/p>\n<p>Ein Kinderspielplatz steht Ihnen in der Villa zur Verf\u00fcgung.[\/vc_column_text][vc_empty_space height=&#8220;15px&#8220;][vc_row_inner el_class=&#8220;desktop&#8220;][vc_column_inner][vc_media_grid style=&#8220;pagination&#8220; items_per_page=&#8220;3&#8243; loop=&#8220;yes&#8220; autoplay=&#8220;5&#8243; grid_id=&#8220;vc_gid:1677594885025-d3cc8e9b-389d-9&#8243; include=&#8220;12147,12171,12169,12167,12165,12163,12161,12159,12157,12155,12153,12151,12149&#8243;][\/vc_column_inner][\/vc_row_inner][vc_row_inner el_class=&#8220;mobile&#8220;][vc_column_inner][vc_media_grid style=&#8220;pagination&#8220; items_per_page=&#8220;1&#8243; element_width=&#8220;12&#8243; loop=&#8220;yes&#8220; autoplay=&#8220;5&#8243; grid_id=&#8220;vc_gid:1677594885027-1c3da2dc-6e4d-1&#8243; include=&#8220;12147,12171,12169,12167,12165,12163,12161,12159,12157,12155,12153,12151,12149&#8243;][\/vc_column_inner][\/vc_row_inner][vc_empty_space height=&#8220;60px&#8220;][\/vc_column][\/vc_row][vc_row full_width=&#8220;stretch_row&#8220; bg_type=&#8220;bg_color&#8220; seperator_enable=&#8220;seperator_enable_value&#8220; seperator_type=&#8220;tilt_right_seperator&#8220; seperator_position=&#8220;top_bottom_seperator&#8220; bg_color_value=&#8220;#f2efef&#8220;][vc_column][vc_empty_space height=&#8220;100px&#8220;][vc_column_text]<\/p>\n<h2 style=\"text-align: center;\"><span class=\"b-heading grey\">Unsere <\/span> <span class=\"l-heading green\">Lage<\/span><\/h2>\n<p>[\/vc_column_text][vc_column_text]<iframe loading=\"lazy\" style=\"border: 0;\" src=\"https:\/\/www.google.com\/maps\/embed?pb=!1m18!1m12!1m3!1d12771.16648789595!2d22.24572651738281!3d36.8474663!2m3!1f0!2f0!3f0!3m2!1i1024!2i768!4f13.1!3m3!1m2!1s0x1361c01a1957ce77%3A0x3198a5ab15c6afb9!2sPelagia%20Villas!5e0!3m2!1sen!2s!4v1673602229268!5m2!1sen!2s\" width=\"100%\" height=\"350\" allowfullscreen=\"allowfullscreen\"><\/iframe>[\/vc_column_text][vc_empty_space height=&#8220;80px&#8220;][\/vc_column][\/vc_row][vc_row][vc_column][vc_empty_space height=&#8220;60px&#8220;][vc_column_text]<\/p>\n<h2 style=\"text-align: center;\"><span class=\"b-heading grey\">Buche deine<\/span> <span class=\"l-heading green\">Unterkunft<\/span><\/h2>\n<p>[\/vc_column_text][vc_column_text]<\/p>\n<div class=\"wpb_text_column wpb_content_element \">\n<div class=\"wpb_wrapper\">\n<p style=\"text-align: center;\">F\u00fcllen Sie das folgende Formular aus, um ein Angebot zu erhalten und der Buchung Ihres Aufenthalts n\u00e4her zu kommen.<\/p>\n<p style=\"text-align: center;\">Alle Felder mit * sind Pflichtfelder!<\/p>\n<\/div>\n<\/div>\n<p>[\/vc_column_text]\n<div class=\"wpcf7 no-js\" id=\"wpcf7-f12516-o1\" lang=\"de-DE\" dir=\"ltr\" data-wpcf7-id=\"12516\">\n<div class=\"screen-reader-response\"><p role=\"status\" aria-live=\"polite\" aria-atomic=\"true\"><\/p> <ul><\/ul><\/div>\n<form action=\"\/de\/wp-json\/wp\/v2\/pages\/12386#wpcf7-f12516-o1\" method=\"post\" class=\"wpcf7-form init\" aria-label=\"Kontaktformular\" novalidate=\"novalidate\" data-status=\"init\">\n<fieldset class=\"hidden-fields-container\"><input type=\"hidden\" name=\"_wpcf7\" value=\"12516\" \/><input type=\"hidden\" name=\"_wpcf7_version\" value=\"6.1.5\" \/><input type=\"hidden\" name=\"_wpcf7_locale\" value=\"de_DE\" \/><input type=\"hidden\" name=\"_wpcf7_unit_tag\" value=\"wpcf7-f12516-o1\" \/><input type=\"hidden\" name=\"_wpcf7_container_post\" value=\"0\" \/><input type=\"hidden\" name=\"_wpcf7_posted_data_hash\" value=\"\" \/>\n<\/fieldset>\n<div class=\"wpcf7-turnstile cf-turnstile\" data-sitekey=\"0x4AAAAAACsIRcAbqWvbozcL\" data-response-field-name=\"_wpcf7_turnstile_response\"><\/div>\n\n<div class=\"row\">\n\t<div class=\"col col-6\">\n\t\t<p><span class=\"wpcf7-form-control-wrap\" data-name=\"your-name\"><input size=\"40\" maxlength=\"400\" class=\"wpcf7-form-control wpcf7-text wpcf7-validates-as-required\" aria-required=\"true\" aria-invalid=\"false\" placeholder=\"Name *\" value=\"\" type=\"text\" name=\"your-name\" \/><\/span><br \/>\n<span class=\"wpcf7-form-control-wrap\" data-name=\"your-email\"><input size=\"40\" maxlength=\"400\" class=\"wpcf7-form-control wpcf7-email wpcf7-validates-as-required wpcf7-text wpcf7-validates-as-email\" aria-required=\"true\" aria-invalid=\"false\" placeholder=\"Email *\" value=\"\" type=\"email\" name=\"your-email\" \/><\/span><br \/>\n<span class=\"wpcf7-form-control-wrap\" data-name=\"your-tel\"><input size=\"40\" maxlength=\"400\" class=\"wpcf7-form-control wpcf7-tel wpcf7-text wpcf7-validates-as-tel\" aria-invalid=\"false\" placeholder=\"Telefon\" value=\"\" type=\"tel\" name=\"your-tel\" \/><\/span><br \/>\n<label>Ich interessiere mich f\u00fcr den Check-in:<\/label><br \/>\n<span class=\"wpcf7-form-control-wrap\" data-name=\"date-326\"><input class=\"wpcf7-form-control wpcf7-date wpcf7-validates-as-required wpcf7-validates-as-date\" min=\"2026-04-17\" aria-required=\"true\" aria-invalid=\"false\" placeholder=\"Check-in Datum\" value=\"\" type=\"date\" name=\"date-326\" \/><\/span><br \/>\n<label>Tage, an denen ich bleiben m\u00f6chte:<\/label><span class=\"wpcf7-form-control-wrap\" data-name=\"number-265\"><input class=\"wpcf7-form-control wpcf7-number wpcf7-validates-as-required wpcf7-validates-as-number\" min=\"1\" aria-required=\"true\" aria-invalid=\"false\" value=\"\" type=\"number\" name=\"number-265\" \/><\/span>\n\t\t<\/p>\n\t<\/div>\n\t<div class=\"col col-6\">\n\t\t<p><span class=\"wpcf7-form-control-wrap\" data-name=\"your-message\"><textarea cols=\"40\" rows=\"5\" maxlength=\"2000\" class=\"wpcf7-form-control wpcf7-textarea\" aria-invalid=\"false\" placeholder=\"Nachricht\" name=\"your-message\"><\/textarea><\/span>\n\t\t<\/p>\n\t<\/div>\n<\/div>\n<p><span class=\"wpcf7-form-control-wrap\" data-name=\"acceptance-18\"><span class=\"wpcf7-form-control wpcf7-acceptance\"><span class=\"wpcf7-list-item\"><label><input type=\"checkbox\" name=\"acceptance-18\" value=\"1\" aria-invalid=\"false\" \/><span class=\"wpcf7-list-item-label\">GDPR-Vereinbarung: Ich verstehe und akzeptiere, dass meine pers\u00f6nlichen Daten verwendet werden, um meine Anfrage besser zu bearbeiten.*<\/span><\/label><\/span><\/span><\/span>\n<\/p>\n<div class=\"col col-12\">\n\t<p><span style=\"text-align: right;\"><input type=\"submit\" value=\"Ein Angebot bekommen\" \/><\/span>\n\t<\/p>\n<\/div><div class=\"wpcf7-response-output\" aria-hidden=\"true\"><\/div>\n<\/form>\n<\/div>\n[vc_empty_space height=&#8220;60px&#8220;][\/vc_column][\/vc_row]<\/p>\n<\/div>","protected":false},"excerpt":{"rendered":"<p>[vc_row][vc_column][vc_empty_space][vc_column_text] Informationen zur Villa [\/vc_column_text][vc_column_text]Die klimatisierte Villa umfasst 3 Schlafzimmer, ein Wohnzimmer, eine voll ausgestattete K\u00fcche mit einem K\u00fchlschrank und einer Kaffeemaschine sowie 2 Badezimmer mit einer Dusche und kostenlosen Pflegeprodukten. Handt\u00fccher und Bettw\u00e4sche werden in der Villa gestellt. Ein Kinderspielplatz steht Ihnen in der Villa zur Verf\u00fcgung.[\/vc_column_text][vc_empty_space height=&#8220;15px&#8220;][vc_row_inner el_class=&#8220;desktop&#8220;][vc_column_inner][vc_media_grid style=&#8220;pagination&#8220; items_per_page=&#8220;3&#8243; loop=&#8220;yes&#8220; autoplay=&#8220;5&#8243; grid_id=&#8220;vc_gid:1677594885025-d3cc8e9b-389d-9&#8243; &#8230; <a title=\"Pelagias Villa\" class=\"read-more\" href=\"https:\/\/pelagiasyard.com\/de\/pelagias-villa\/\" aria-label=\"Mehr Informationen \u00fcber Pelagias Villa\">Weiterlesen &#8230;<\/a><\/p>\n","protected":false},"author":5,"featured_media":0,"parent":0,"menu_order":0,"comment_status":"closed","ping_status":"closed","template":"","meta":{"footnotes":""},"class_list":["post-12386","page","type-page","status-publish"],"_links":{"self":[{"href":"https:\/\/pelagiasyard.com\/de\/wp-json\/wp\/v2\/pages\/12386","targetHints":{"allow":["GET"]}}],"collection":[{"href":"https:\/\/pelagiasyard.com\/de\/wp-json\/wp\/v2\/pages"}],"about":[{"href":"https:\/\/pelagiasyard.com\/de\/wp-json\/wp\/v2\/types\/page"}],"author":[{"embeddable":true,"href":"https:\/\/pelagiasyard.com\/de\/wp-json\/wp\/v2\/users\/5"}],"replies":[{"embeddable":true,"href":"https:\/\/pelagiasyard.com\/de\/wp-json\/wp\/v2\/comments?post=12386"}],"version-history":[{"count":2,"href":"https:\/\/pelagiasyard.com\/de\/wp-json\/wp\/v2\/pages\/12386\/revisions"}],"predecessor-version":[{"id":12388,"href":"https:\/\/pelagiasyard.com\/de\/wp-json\/wp\/v2\/pages\/12386\/revisions\/12388"}],"wp:attachment":[{"href":"https:\/\/pelagiasyard.com\/de\/wp-json\/wp\/v2\/media?parent=12386"}],"curies":[{"name":"wp","href":"https:\/\/api.w.org\/{rel}","templated":true}]}}