{"id":12343,"date":"2023-02-28T15:17:21","date_gmt":"2023-02-28T13:17:21","guid":{"rendered":"https:\/\/pelagiasyard.com\/?page_id=12343"},"modified":"2023-03-01T11:07:31","modified_gmt":"2023-03-01T09:07:31","slug":"restaurant","status":"publish","type":"page","link":"https:\/\/pelagiasyard.com\/de\/restaurant\/","title":{"rendered":"Restaurant"},"content":{"rendered":"<div class=\"wpb-content-wrapper\"><p>[vc_row][vc_column][vc_empty_space][vc_column_text]Der Hof von Pelagias ist ein angenehmer Ort. Hier haben Sie die M\u00f6glichkeit, authentische Aromen von authentischen Menschen zu genie\u00dfen. Unsere K\u00fcche, unsere Mutter, beherbergt Waren und Leckereien aus der kretischen Natur. Herr George baut Roggen an, f\u00fcttert die Tiere und sammelt Kr\u00e4uter. In der K\u00fcche haben unsere K\u00fcchen nat\u00fcrlich auf famili\u00e4re und heimische Tradition zur\u00fcckgegriffen. Jede Lebensmittelkreation stammt aus den Materialien, die wir seit jeher in unserer landwirtschaftlichen Produktion hatten.<\/p>\n<p>Genie\u00dfen Sie im Fr\u00fchling gr\u00fcne Salate mit wilden Artischocken, Frischk\u00e4se und gebackenem Lamm. Gebratene Zucchini, gebackene Auberginen, Gurken-Tomaten-Salate, heimischer Feta-K\u00e4se und im Sommer freilaufende Ferkel vom Grill. Kirschtomaten, Kefalotyri saganaki, H\u00fchnermumien und vieles mehr wie Kaninchenlimonade, Schweinewein, Schnecken, Zucchini, rote Frikadellen.<\/p>\n<p>Unersch\u00f6pfliche Kreationen begleitet von erlesenen Weinen oder einem einzigartigen Ros\u00e9 aus privater Produktion, wo wir ein k\u00fchles, kr\u00e4ftiges und fruchtiges Bouque-Aroma aus den Familienweing\u00fctern in Kastello, Apokoronas, servieren. Der Irak vermeidet nat\u00fcrlich Produktion und Tafel, sowie frische Wassermelonen, Melonen und sogar Betttrauben. S\u00fc\u00dfe Kreationen bleiben zusammen mit Mel\u00f6ffel-S\u00fc\u00dfigkeiten immer eine \u00dcberraschung.[\/vc_column_text][vc_empty_space height=&#8220;80px&#8220;][\/vc_column][\/vc_row][vc_row full_width=&#8220;stretch_row&#8220; bg_type=&#8220;bg_color&#8220; seperator_enable=&#8220;seperator_enable_value&#8220; seperator_type=&#8220;tilt_right_seperator&#8220; seperator_position=&#8220;top_bottom_seperator&#8220; bg_color_value=&#8220;#f2efef&#8220;][vc_column][vc_empty_space height=&#8220;80px&#8220;][vc_column_text]<\/p>\n<h2 style=\"text-align: center;\"><span class=\"b-heading grey\">Unsere<\/span> <span class=\"l-heading green\">Gerichte<\/span><\/h2>\n<p>[\/vc_column_text][vc_empty_space height=&#8220;15px&#8220;][vc_row_inner el_class=&#8220;desktop&#8220;][vc_column_inner][vc_media_grid style=&#8220;pagination&#8220; items_per_page=&#8220;3&#8243; loop=&#8220;yes&#8220; autoplay=&#8220;5&#8243; grid_id=&#8220;vc_gid:1677658770708-8e2e7abb-49b2-7&#8243; include=&#8220;12469,12468,12467,12466,12465,12464,12463,12450,12451,12452,12453,12454,12455,12461,12470,12462,12460,11832&#8243;][\/vc_column_inner][\/vc_row_inner][vc_row_inner el_class=&#8220;mobile&#8220;][vc_column_inner][vc_media_grid style=&#8220;pagination&#8220; items_per_page=&#8220;1&#8243; element_width=&#8220;12&#8243; loop=&#8220;yes&#8220; autoplay=&#8220;5&#8243; grid_id=&#8220;vc_gid:1677658770711-56ab6d57-f88a-6&#8243; include=&#8220;12469,12468,12467,12466,12465,12464,12463,12450,12451,12452,12453,12454,12455,12461,12470,12462,12460,11832&#8243;][\/vc_column_inner][\/vc_row_inner][vc_btn title=&#8220;Siehe Men\u00fc&#8220; style=&#8220;flat&#8220; color=&#8220;black&#8220; align=&#8220;center&#8220; link=&#8220;url:https%3A%2F%2Fpelagiasyard.com%2Fde%2Fmenu%2F|title:Men%C3%BC&#8220;][vc_empty_space height=&#8220;80px&#8220;][\/vc_column][\/vc_row][vc_row][vc_column][vc_empty_space height=&#8220;80px&#8220;][vc_column_text]<\/p>\n<h2 style=\"text-align: center;\"><span class=\"b-heading grey\">Unsere<\/span> <span class=\"l-heading green\"> Bewertungen<\/span><\/h2>\n<p>[\/vc_column_text][vc_empty_space height=&#8220;15px&#8220;][vc_column_text]<style>#wprev-slider-1 .wprev_preview_bradius_T1 {border-radius: 0px;}#wprev-slider-1 .wprev_preview_bg1_T1::after{ border-top: 30px solid ; }<\/style><style><\/style><div class=\"wprev-slider revnotsameheight\" id=\"wprev-slider-1\" data-revsameheight=\"no\" data-onemobil=\"\" data-sliderautoplay=\"\"  data-slidespeed=\"\" data-slideautodelay=\"\" data-sliderhideprevnext=\"\" data-sliderhidedots=\"\" data-sliderfixedheight=\"\"><ul><li>\t\t<div class=\"wprevpro_t1_outer_div w3_wprs-row-padding\">\r\n\t\t\t\t<div class=\"wprevpro_t1_DIV_1 w3_wprs-col l4\">\r\n\t\t\t<div class=\"indrevdiv wprevpro_t1_DIV_2 wprev_preview_bg1_T1 wprev_preview_tcolor1_T1 wprev_preview_bradius_T1\">\r\n\t\t\t\t<p class=\"wprevpro_t1_P_3 wprev_preview_tcolor1_T1\">\r\n\t\t\t\t\t<span class=\"wprevpro_star_imgs_T1\"><span class=\"starloc1 wprevpro_star_imgs wprevpro_star_imgsloc1\"><span class=\"svgicons svg-wprsp-star\"><\/span><span class=\"svgicons svg-wprsp-star\"><\/span><span class=\"svgicons svg-wprsp-star\"><\/span><span class=\"svgicons svg-wprsp-star\"><\/span><span class=\"svgicons svg-wprsp-star\"><\/span><\/span><\/span><span class=\"verifiedloc1 wprevpro_verified_svg wprevtooltip\" data-wprevtooltip=\"Verified on Google\"><span class=\"svgicons svg-wprsp-verified\"><\/span><\/span>Des plats maison, d\u00e9licieux,  un vin fait maison. Un cadre chaleureux,  agr\u00e9able,  comme \u00e0 la maison,  une grande sympathie de toute la famille, on y reviendra!!\t\t\t\t<\/p>\r\n\t\t\t\t\t\t\t\t\t\t\t<\/div><span class=\"wprevpro_t1_A_8\"><img decoding=\"async\" src=\"https:\/\/lh3.googleusercontent.com\/a\/AEdFTp56NmQd83HXzC1KkUXpbFpZX14639eMAFNflIxR=s40-c-c0x00000000-cc-rp-mo-ba4-br100\" alt=\"alexandra sans-chagrin Avatar\" class=\"wprevpro_t1_IMG_4\" loading=\"lazy\" \/><\/span> <span class=\"wprevpro_t1_SPAN_5 wprev_preview_tcolor2_T1\">alexandra sans-chagrin<br\/><span class=\"wprev_showdate_T1\">20. Oktober 2022<\/span> <\/span>\r\n\t\t<\/div>\r\n\t\t\t<div class=\"wprevpro_t1_DIV_1 w3_wprs-col l4\">\r\n\t\t\t<div class=\"indrevdiv wprevpro_t1_DIV_2 wprev_preview_bg1_T1 wprev_preview_tcolor1_T1 wprev_preview_bradius_T1\">\r\n\t\t\t\t<p class=\"wprevpro_t1_P_3 wprev_preview_tcolor1_T1\">\r\n\t\t\t\t\t<span class=\"wprevpro_star_imgs_T1\"><span class=\"starloc1 wprevpro_star_imgs wprevpro_star_imgsloc1\"><span class=\"svgicons svg-wprsp-star\"><\/span><span class=\"svgicons svg-wprsp-star\"><\/span><span class=\"svgicons svg-wprsp-star\"><\/span><span class=\"svgicons svg-wprsp-star\"><\/span><span class=\"svgicons svg-wprsp-star-o\"><\/span><\/span><\/span><span class=\"verifiedloc1 wprevpro_verified_svg wprevtooltip\" data-wprevtooltip=\"Verified on Google\"><span class=\"svgicons svg-wprsp-verified\"><\/span><\/span>Delicious food, i took the octopus and a nice appetizer. The only thing I didn't like was that it was not enough.\t\t\t\t<\/p>\r\n\t\t\t\t\t\t\t\t\t\t\t<\/div><span class=\"wprevpro_t1_A_8\"><img decoding=\"async\" src=\"https:\/\/lh3.googleusercontent.com\/a\/AEdFTp5wkxg8dsf-qysz1YGlLPaElNv4oLhTyd96CQck=s40-c-c0x00000000-cc-rp-mo-br100\" alt=\"Alessandro Kowalski Avatar\" class=\"wprevpro_t1_IMG_4\" loading=\"lazy\" \/><\/span> <span class=\"wprevpro_t1_SPAN_5 wprev_preview_tcolor2_T1\">Alessandro Kowalski<br\/><span class=\"wprev_showdate_T1\">20. Oktober 2022<\/span> <\/span>\r\n\t\t<\/div>\r\n\t\t\t<div class=\"wprevpro_t1_DIV_1 w3_wprs-col l4\">\r\n\t\t\t<div class=\"indrevdiv wprevpro_t1_DIV_2 wprev_preview_bg1_T1 wprev_preview_tcolor1_T1 wprev_preview_bradius_T1\">\r\n\t\t\t\t<p class=\"wprevpro_t1_P_3 wprev_preview_tcolor1_T1\">\r\n\t\t\t\t\t<span class=\"wprevpro_star_imgs_T1\"><span class=\"starloc1 wprevpro_star_imgs wprevpro_star_imgsloc1\"><span class=\"svgicons svg-wprsp-star\"><\/span><span class=\"svgicons svg-wprsp-star\"><\/span><span class=\"svgicons svg-wprsp-star\"><\/span><span class=\"svgicons svg-wprsp-star\"><\/span><span class=\"svgicons svg-wprsp-star-o\"><\/span><\/span><\/span><span class=\"verifiedloc1 wprevpro_verified_svg wprevtooltip\" data-wprevtooltip=\"Verified on Google\"><span class=\"svgicons svg-wprsp-verified\"><\/span><\/span>Delicious food, nice garden with view of the mountains. There are some play structures if you\u2019re there with kids. Service could have been a tad more attentive, but all in<span class='wprs_rd_more'>... read more<\/span><span class='wprs_rd_more_text' style='display:none;'> all worth a visit. There is also a small shop attached which sells restaurant branded food items like honey, olive oil, raki, honey, herb salt etc. which make for nice presents.<\/span>\t\t\t\t<\/p>\r\n\t\t\t\t\t\t\t\t\t\t\t<\/div><span class=\"wprevpro_t1_A_8\"><img decoding=\"async\" src=\"https:\/\/lh3.googleusercontent.com\/a-\/AD5-WCmKlCkjePyXtZY9BMO4k_R4X_RR7bU9wfQHHVR1=s40-c-c0x00000000-cc-rp-mo-ba4-br100\" alt=\"Elli Pirelli Avatar\" class=\"wprevpro_t1_IMG_4\" loading=\"lazy\" \/><\/span> <span class=\"wprevpro_t1_SPAN_5 wprev_preview_tcolor2_T1\">Elli Pirelli<br\/><span class=\"wprev_showdate_T1\">20. November 2022<\/span> <\/span>\r\n\t\t<\/div>\r\n\t\t<\/div>\r\n<\/li><li class=\"wprevnextslide\">\t\t<div class=\"wprevpro_t1_outer_div w3_wprs-row-padding\">\r\n\t\t\t\t<div class=\"wprevpro_t1_DIV_1 w3_wprs-col l4\">\r\n\t\t\t<div class=\"indrevdiv wprevpro_t1_DIV_2 wprev_preview_bg1_T1 wprev_preview_tcolor1_T1 wprev_preview_bradius_T1\">\r\n\t\t\t\t<p class=\"wprevpro_t1_P_3 wprev_preview_tcolor1_T1\">\r\n\t\t\t\t\t<span class=\"wprevpro_star_imgs_T1\"><span class=\"starloc1 wprevpro_star_imgs wprevpro_star_imgsloc1\"><span class=\"svgicons svg-wprsp-star\"><\/span><span class=\"svgicons svg-wprsp-star\"><\/span><span class=\"svgicons svg-wprsp-star\"><\/span><span class=\"svgicons svg-wprsp-star\"><\/span><span class=\"svgicons svg-wprsp-star\"><\/span><\/span><\/span><span class=\"verifiedloc1 wprevpro_verified_svg wprevtooltip\" data-wprevtooltip=\"Verified on Google\"><span class=\"svgicons svg-wprsp-verified\"><\/span><\/span>Very nice service! Loved the live performances of traditional and commercial type.\t\t\t\t<\/p>\r\n\t\t\t\t\t\t\t\t\t\t\t<\/div><span class=\"wprevpro_t1_A_8\"><img decoding=\"async\" src=\"https:\/\/lh3.googleusercontent.com\/a-\/ALV-UjVUAHOiQ4BLbOUcbsIi5-Hnduf-HoCcHcC__f_jp-RD8p6kEACy=s120-c-rp-mo-ba3-br100\" alt=\"Mirela Vlaeva Avatar\" class=\"wprevpro_t1_IMG_4\" loading=\"lazy\" \/><\/span> <span class=\"wprevpro_t1_SPAN_5 wprev_preview_tcolor2_T1\">Mirela Vlaeva<br\/><span class=\"wprev_showdate_T1\">3. Juni 2025<\/span> <\/span>\r\n\t\t<\/div>\r\n\t\t\t<div class=\"wprevpro_t1_DIV_1 w3_wprs-col l4\">\r\n\t\t\t<div class=\"indrevdiv wprevpro_t1_DIV_2 wprev_preview_bg1_T1 wprev_preview_tcolor1_T1 wprev_preview_bradius_T1\">\r\n\t\t\t\t<p class=\"wprevpro_t1_P_3 wprev_preview_tcolor1_T1\">\r\n\t\t\t\t\t<span class=\"wprevpro_star_imgs_T1\"><span class=\"starloc1 wprevpro_star_imgs wprevpro_star_imgsloc1\"><span class=\"svgicons svg-wprsp-star\"><\/span><span class=\"svgicons svg-wprsp-star\"><\/span><span class=\"svgicons svg-wprsp-star\"><\/span><span class=\"svgicons svg-wprsp-star\"><\/span><span class=\"svgicons svg-wprsp-star\"><\/span><\/span><\/span><span class=\"verifiedloc1 wprevpro_verified_svg wprevtooltip\" data-wprevtooltip=\"Verified on Google\"><span class=\"svgicons svg-wprsp-verified\"><\/span><\/span>Einfach Authentisch! Essen das Buchst\u00e4blich von der Mama kommt, freundliche Bedienung und auch sehr gut geeignet f\u00fcr Kinder. Essen in Top Qualit\u00e4t! Das Ambiente wirkt eher wie bei Freunden im<span class='wprs_rd_more'>... read more<\/span><span class='wprs_rd_more_text' style='display:none;'> Garten, als wie in einem Restaurant. Immer wieder gerne.  Kid-friendliness: Viel Spielzeug und Platz.<\/span>\t\t\t\t<\/p>\r\n\t\t\t\t\t\t\t\t\t\t\t<\/div><span class=\"wprevpro_t1_A_8\"><img decoding=\"async\" src=\"https:\/\/lh3.googleusercontent.com\/a-\/AD5-WCn7cLyXVAcCo8VBktJOqYiFwbmG3BKUtzv6Fn9J-A=s40-c-c0x00000000-cc-rp-mo-ba4-br100\" alt=\"Marina Reike Avatar\" class=\"wprevpro_t1_IMG_4\" loading=\"lazy\" \/><\/span> <span class=\"wprevpro_t1_SPAN_5 wprev_preview_tcolor2_T1\">Marina Reike<br\/><span class=\"wprev_showdate_T1\">20. November 2022<\/span> <\/span>\r\n\t\t<\/div>\r\n\t\t\t<div class=\"wprevpro_t1_DIV_1 w3_wprs-col l4\">\r\n\t\t\t<div class=\"indrevdiv wprevpro_t1_DIV_2 wprev_preview_bg1_T1 wprev_preview_tcolor1_T1 wprev_preview_bradius_T1\">\r\n\t\t\t\t<p class=\"wprevpro_t1_P_3 wprev_preview_tcolor1_T1\">\r\n\t\t\t\t\t<span class=\"wprevpro_star_imgs_T1\"><span class=\"starloc1 wprevpro_star_imgs wprevpro_star_imgsloc1\"><span class=\"svgicons svg-wprsp-star\"><\/span><span class=\"svgicons svg-wprsp-star\"><\/span><span class=\"svgicons svg-wprsp-star\"><\/span><span class=\"svgicons svg-wprsp-star\"><\/span><span class=\"svgicons svg-wprsp-star\"><\/span><\/span><\/span><span class=\"verifiedloc1 wprevpro_verified_svg wprevtooltip\" data-wprevtooltip=\"Verified on Google\"><span class=\"svgicons svg-wprsp-verified\"><\/span><\/span>We went to eat at Pelagia's Yard with my wife during our trip to crete, the service was excellent, food was amazing and the atmosphere was also really good!\t\t\t\t<\/p>\r\n\t\t\t\t\t\t\t\t\t\t\t<\/div><span class=\"wprevpro_t1_A_8\"><img decoding=\"async\" src=\"https:\/\/lh3.googleusercontent.com\/a-\/ALV-UjXyrX8963yr1OvroLtCVGhbnfWtLV5-O8-VQXGJ4gqbU6E=s120-c-rp-mo-br100\" alt=\"Petteri V\u00e4is\u00e4nen Avatar\" class=\"wprevpro_t1_IMG_4\" loading=\"lazy\" \/><\/span> <span class=\"wprevpro_t1_SPAN_5 wprev_preview_tcolor2_T1\">Petteri V\u00e4is\u00e4nen<br\/><span class=\"wprev_showdate_T1\">12. November 2023<\/span> <\/span>\r\n\t\t<\/div>\r\n\t\t<\/div>\r\n<\/li><li class=\"wprevnextslide\">\t\t<div class=\"wprevpro_t1_outer_div w3_wprs-row-padding\">\r\n\t\t\t\t<div class=\"wprevpro_t1_DIV_1 w3_wprs-col l4\">\r\n\t\t\t<div class=\"indrevdiv wprevpro_t1_DIV_2 wprev_preview_bg1_T1 wprev_preview_tcolor1_T1 wprev_preview_bradius_T1\">\r\n\t\t\t\t<p class=\"wprevpro_t1_P_3 wprev_preview_tcolor1_T1\">\r\n\t\t\t\t\t<span class=\"wprevpro_star_imgs_T1\"><span class=\"starloc1 wprevpro_star_imgs wprevpro_star_imgsloc1\"><span class=\"svgicons svg-wprsp-star\"><\/span><span class=\"svgicons svg-wprsp-star\"><\/span><span class=\"svgicons svg-wprsp-star\"><\/span><span class=\"svgicons svg-wprsp-star\"><\/span><span class=\"svgicons svg-wprsp-star\"><\/span><\/span><\/span><span class=\"verifiedloc1 wprevpro_verified_svg wprevtooltip\" data-wprevtooltip=\"Verified on Google\"><span class=\"svgicons svg-wprsp-verified\"><\/span><\/span>Wir hatten mehrere sch\u00f6ne Abende in der Taverne! Vor allem die Herzlichkeit der Besitzer und aller Mitarbeiter haben uns begeistert! Das Essen (wir hatten als Hauptspeisen: Kritaraki mit Meeresfr\u00fcchten, Spaghetti<span class='wprs_rd_more'>... read more<\/span><span class='wprs_rd_more_text' style='display:none;'> mit Garnelen, Bifteki gef\u00fcllt mit Feta und Tomate und leckeres Schweinefilet im Holzofen ged\u00fcnstet). Auch die Dessert sind unglaublich lecker \ud83d\ude0b Guter Hauswein und hervorragender Raki rundeten unsere Abende ab! Efcharisto\ud83d\ude4f<\/span>\t\t\t\t<\/p>\r\n\t\t\t\t<div class=\"wprev_media_div 2\"><a data-fslightbox=\"wprevgallery107\" class=\"wprev_media_img_a notyoutu\" href=\"https:\/\/lh3.googleusercontent.com\/geougc-cs\/AB3l90A8Ho9___7Jx80kDhGV7uYnJU025B8Tod04Co9ggHsM9FAfnwuPqEM9dxYtaItbLS2UVb8z43iQVmx6v7GwWBKjumcXv0lKeE4N4DqBBzMnRAeo3H3jacbh_SWqXggXTqlZJ9Y\" ><img decoding=\"async\" src=\"https:\/\/lh3.googleusercontent.com\/geougc-cs\/AB3l90A8Ho9___7Jx80kDhGV7uYnJU025B8Tod04Co9ggHsM9FAfnwuPqEM9dxYtaItbLS2UVb8z43iQVmx6v7GwWBKjumcXv0lKeE4N4DqBBzMnRAeo3H3jacbh_SWqXggXTqlZJ9Y\" class=\"wprev_media_img\"  alt=\"media thumbnail 0\"><\/a><a data-fslightbox=\"wprevgallery107\" class=\"wprev_media_img_a notyoutu\" href=\"https:\/\/lh3.googleusercontent.com\/geougc-cs\/AB3l90BUaU3fT2yCZykSS4tP2y2v5P7YPuwdmYM6gc1HmwSTk2XxMfPvGsy8LEz7BoMxTl4IBdsrzAvTnefruiNqxPb5iEbH8ttv4CmnruiWwGxXJ70ZS3jRen32nSWWEnnccHkg6DNn\" ><img decoding=\"async\" src=\"https:\/\/lh3.googleusercontent.com\/geougc-cs\/AB3l90BUaU3fT2yCZykSS4tP2y2v5P7YPuwdmYM6gc1HmwSTk2XxMfPvGsy8LEz7BoMxTl4IBdsrzAvTnefruiNqxPb5iEbH8ttv4CmnruiWwGxXJ70ZS3jRen32nSWWEnnccHkg6DNn\" class=\"wprev_media_img\"  alt=\"media thumbnail 1\"><\/a><\/div>\t\t\t\t\t\t\t<\/div><span class=\"wprevpro_t1_A_8\"><img decoding=\"async\" src=\"https:\/\/lh3.googleusercontent.com\/a-\/ALV-UjXiHH5bzDGdaA9aFw_E7Cg7RVsfchI-Q53lZY1jykPxliZoVbDt=s120-c-rp-mo-ba5-br100\" alt=\"Daniel Renner Avatar\" class=\"wprevpro_t1_IMG_4\" loading=\"lazy\" \/><\/span> <span class=\"wprevpro_t1_SPAN_5 wprev_preview_tcolor2_T1\">Daniel Renner<br\/><span class=\"wprev_showdate_T1\">29. Mai 2025<\/span> <\/span>\r\n\t\t<\/div>\r\n\t\t\t<div class=\"wprevpro_t1_DIV_1 w3_wprs-col l4\">\r\n\t\t\t<div class=\"indrevdiv wprevpro_t1_DIV_2 wprev_preview_bg1_T1 wprev_preview_tcolor1_T1 wprev_preview_bradius_T1\">\r\n\t\t\t\t<p class=\"wprevpro_t1_P_3 wprev_preview_tcolor1_T1\">\r\n\t\t\t\t\t<span class=\"wprevpro_star_imgs_T1\"><span class=\"starloc1 wprevpro_star_imgs wprevpro_star_imgsloc1\"><span class=\"svgicons svg-wprsp-star\"><\/span><span class=\"svgicons svg-wprsp-star\"><\/span><span class=\"svgicons svg-wprsp-star\"><\/span><span class=\"svgicons svg-wprsp-star\"><\/span><span class=\"svgicons svg-wprsp-star\"><\/span><\/span><\/span><span class=\"verifiedloc1 wprevpro_verified_svg wprevtooltip\" data-wprevtooltip=\"Verified on Google\"><span class=\"svgicons svg-wprsp-verified\"><\/span><\/span>Super gute Auswahl an Speisen! Karte in 3 Sprachen! Sehr guter Service! Gern wieder!\t\t\t\t<\/p>\r\n\t\t\t\t\t\t\t\t\t\t\t<\/div><span class=\"wprevpro_t1_A_8\"><img decoding=\"async\" src=\"https:\/\/lh3.googleusercontent.com\/a-\/ALV-UjWv4HurBfgvvoaj73ziORt-51aLQ8SIyaBx1hjcPRLHzG0Q=s120-c-rp-mo-ba5-br100\" alt=\"Michael Bertl Avatar\" class=\"wprevpro_t1_IMG_4\" loading=\"lazy\" \/><\/span> <span class=\"wprevpro_t1_SPAN_5 wprev_preview_tcolor2_T1\">Michael Bertl<br\/><span class=\"wprev_showdate_T1\">12. Oktober 2023<\/span> <\/span>\r\n\t\t<\/div>\r\n\t\t\t<div class=\"wprevpro_t1_DIV_1 w3_wprs-col l4\">\r\n\t\t\t<div class=\"indrevdiv wprevpro_t1_DIV_2 wprev_preview_bg1_T1 wprev_preview_tcolor1_T1 wprev_preview_bradius_T1\">\r\n\t\t\t\t<p class=\"wprevpro_t1_P_3 wprev_preview_tcolor1_T1\">\r\n\t\t\t\t\t<span class=\"wprevpro_star_imgs_T1\"><span class=\"starloc1 wprevpro_star_imgs wprevpro_star_imgsloc1\"><span class=\"svgicons svg-wprsp-star\"><\/span><span class=\"svgicons svg-wprsp-star\"><\/span><span class=\"svgicons svg-wprsp-star\"><\/span><span class=\"svgicons svg-wprsp-star\"><\/span><span class=\"svgicons svg-wprsp-star\"><\/span><\/span><\/span><span class=\"verifiedloc1 wprevpro_verified_svg wprevtooltip\" data-wprevtooltip=\"Verified on Google\"><span class=\"svgicons svg-wprsp-verified\"><\/span><\/span>Geweldig goed,een fantastische familie en bediening,sfeer .\r\nZo leuk dat we er elke dag zijn geweest.\t\t\t\t<\/p>\r\n\t\t\t\t\t\t\t\t\t\t\t<\/div><span class=\"wprevpro_t1_A_8\"><img decoding=\"async\" src=\"https:\/\/lh3.googleusercontent.com\/a-\/ALV-UjU66kL4EawLhs7jkuP1nhIUrdH6u4uA7Sl9vuBVTbu765VZP2A=s120-c-rp-mo-br100\" alt=\"Peet van Weijenberg Avatar\" class=\"wprevpro_t1_IMG_4\" loading=\"lazy\" \/><\/span> <span class=\"wprevpro_t1_SPAN_5 wprev_preview_tcolor2_T1\">Peet van Weijenberg<br\/><span class=\"wprev_showdate_T1\">1. Juni 2025<\/span> <\/span>\r\n\t\t<\/div>\r\n\t\t<\/div>\r\n<\/li><\/ul><\/div>\r\n[\/vc_column_text][vc_empty_space][\/vc_column][\/vc_row]<\/p>\n<\/div>","protected":false},"excerpt":{"rendered":"<p>[vc_row][vc_column][vc_empty_space][vc_column_text]Der Hof von Pelagias ist ein angenehmer Ort. Hier haben Sie die M\u00f6glichkeit, authentische Aromen von authentischen Menschen zu genie\u00dfen. Unsere K\u00fcche, unsere Mutter, beherbergt Waren und Leckereien aus der kretischen Natur. Herr George baut Roggen an, f\u00fcttert die Tiere und sammelt Kr\u00e4uter. In der K\u00fcche haben unsere K\u00fcchen nat\u00fcrlich auf famili\u00e4re und heimische Tradition &#8230; <a title=\"Restaurant\" class=\"read-more\" href=\"https:\/\/pelagiasyard.com\/de\/restaurant\/\" aria-label=\"Mehr Informationen \u00fcber Restaurant\">Weiterlesen &#8230;<\/a><\/p>\n","protected":false},"author":5,"featured_media":0,"parent":0,"menu_order":0,"comment_status":"closed","ping_status":"closed","template":"","meta":{"footnotes":""},"class_list":["post-12343","page","type-page","status-publish"],"_links":{"self":[{"href":"https:\/\/pelagiasyard.com\/de\/wp-json\/wp\/v2\/pages\/12343","targetHints":{"allow":["GET"]}}],"collection":[{"href":"https:\/\/pelagiasyard.com\/de\/wp-json\/wp\/v2\/pages"}],"about":[{"href":"https:\/\/pelagiasyard.com\/de\/wp-json\/wp\/v2\/types\/page"}],"author":[{"embeddable":true,"href":"https:\/\/pelagiasyard.com\/de\/wp-json\/wp\/v2\/users\/5"}],"replies":[{"embeddable":true,"href":"https:\/\/pelagiasyard.com\/de\/wp-json\/wp\/v2\/comments?post=12343"}],"version-history":[{"count":9,"href":"https:\/\/pelagiasyard.com\/de\/wp-json\/wp\/v2\/pages\/12343\/revisions"}],"predecessor-version":[{"id":12479,"href":"https:\/\/pelagiasyard.com\/de\/wp-json\/wp\/v2\/pages\/12343\/revisions\/12479"}],"wp:attachment":[{"href":"https:\/\/pelagiasyard.com\/de\/wp-json\/wp\/v2\/media?parent=12343"}],"curies":[{"name":"wp","href":"https:\/\/api.w.org\/{rel}","templated":true}]}}